{"id":459,"date":"2025-06-24T14:46:04","date_gmt":"2025-06-24T12:46:04","guid":{"rendered":"https:\/\/www.noahdestrill.com\/?page_id=459"},"modified":"2025-06-24T14:46:13","modified_gmt":"2025-06-24T12:46:13","slug":"a-propos-contact","status":"publish","type":"page","link":"https:\/\/www.noahdestrill.com\/index.php\/a-propos-contact\/","title":{"rendered":"A propos\/Contact"},"content":{"rendered":"\n<p>Noah d&rsquo;Estrill est un jeune artiste parisien. Ing\u00e9nieur de formation, il d\u00e9tourne les techniques industrielles et les infuse de tradition pour r\u00e9aliser ses oeuvres.<\/p>\n\n\n\n<p>Vous trouverez certaines productions par lot, pour lesquelles les essences de bois se compl\u00e8tent d&rsquo;un tableau \u00e0 l&rsquo;autre.<\/p>\n\n\n\n<p>Travaillant \u00e0 partir de collage de photos, il r\u00e9alise sur commande des oeuvres de toute dimension.<\/p>\n\n\n\n<p>Les visites de l&rsquo;atelier de Montreuil (93100) sont possibles sur rendez-vous.<\/p>\n\n\n\n<p>Pour les demandes de disponibilit\u00e9 et commissions, adressez-vous par mail \u00e0 <span style=\"text-decoration: underline;\">noah.destrill@gmail.com<\/span><\/p>\n","protected":false},"excerpt":{"rendered":"<p>Noah d&rsquo;Estrill est un jeune artiste parisien. Ing\u00e9nieur de formation, il d\u00e9tourne les techniques industrielles et les infuse de tradition pour r\u00e9aliser ses oeuvres. Vous trouverez certaines productions par lot, pour lesquelles les essences de bois se compl\u00e8tent d&rsquo;un tableau \u00e0 l&rsquo;autre. Travaillant \u00e0 partir de collage de photos, il r\u00e9alise sur commande des oeuvres [&hellip;]<\/p>\n","protected":false},"author":1,"featured_media":0,"parent":0,"menu_order":0,"comment_status":"closed","ping_status":"closed","template":"","meta":{"_vp_format_video_url":"","_vp_image_focal_point":[],"footnotes":""},"class_list":["post-459","page","type-page","status-publish","hentry"],"jetpack_sharing_enabled":true,"_links":{"self":[{"href":"https:\/\/www.noahdestrill.com\/index.php\/wp-json\/wp\/v2\/pages\/459","targetHints":{"allow":["GET"]}}],"collection":[{"href":"https:\/\/www.noahdestrill.com\/index.php\/wp-json\/wp\/v2\/pages"}],"about":[{"href":"https:\/\/www.noahdestrill.com\/index.php\/wp-json\/wp\/v2\/types\/page"}],"author":[{"embeddable":true,"href":"https:\/\/www.noahdestrill.com\/index.php\/wp-json\/wp\/v2\/users\/1"}],"replies":[{"embeddable":true,"href":"https:\/\/www.noahdestrill.com\/index.php\/wp-json\/wp\/v2\/comments?post=459"}],"version-history":[{"count":2,"href":"https:\/\/www.noahdestrill.com\/index.php\/wp-json\/wp\/v2\/pages\/459\/revisions"}],"predecessor-version":[{"id":461,"href":"https:\/\/www.noahdestrill.com\/index.php\/wp-json\/wp\/v2\/pages\/459\/revisions\/461"}],"wp:attachment":[{"href":"https:\/\/www.noahdestrill.com\/index.php\/wp-json\/wp\/v2\/media?parent=459"}],"curies":[{"name":"wp","href":"https:\/\/api.w.org\/{rel}","templated":true}]}}